{"id":3636,"date":"2025-12-08T14:25:40","date_gmt":"2025-12-08T12:25:40","guid":{"rendered":"https:\/\/rezebproject-eu.com\/?page_id=3636"},"modified":"2026-02-16T12:38:22","modified_gmt":"2026-02-16T10:38:22","slug":"consortium-meetings","status":"publish","type":"page","link":"https:\/\/rezebproject-eu.com\/?page_id=3636","title":{"rendered":"Consortium Meetings"},"content":{"rendered":"\t\t<div data-elementor-type=\"wp-page\" data-elementor-id=\"3636\" class=\"elementor elementor-3636\">\n\t\t\t\t<div class=\"elementor-element elementor-element-2169aed3 e-flex e-con-boxed e-con e-parent\" data-id=\"2169aed3\" data-element_type=\"container\" data-e-type=\"container\">\n\t\t\t\t\t<div class=\"e-con-inner\">\n\t\t\t\t<div class=\"elementor-element elementor-element-9aa5e56 elementor-widget elementor-widget-text-editor\" data-id=\"9aa5e56\" data-element_type=\"widget\" data-e-type=\"widget\" data-widget_type=\"text-editor.default\">\n\t\t\t\t<div class=\"elementor-widget-container\">\n\t\t\t\t\t\t\t\t\t<h3><span style=\"color: #339966;\"><strong>Partners Meetings<\/strong><\/span><\/h3>\t\t\t\t\t\t\t\t<\/div>\n\t\t\t\t<\/div>\n\t\t\t\t\t<\/div>\n\t\t\t\t<\/div>\n\t\t<div class=\"elementor-element elementor-element-eadcbde e-flex e-con-boxed e-con e-parent\" data-id=\"eadcbde\" data-element_type=\"container\" data-e-type=\"container\">\n\t\t\t\t\t<div class=\"e-con-inner\">\n\t\t\t\t<div class=\"elementor-element elementor-element-99876d0 elementor-widget elementor-widget-spacer\" data-id=\"99876d0\" data-element_type=\"widget\" data-e-type=\"widget\" data-widget_type=\"spacer.default\">\n\t\t\t\t<div class=\"elementor-widget-container\">\n\t\t\t\t\t\t\t<div class=\"elementor-spacer\">\n\t\t\t<div class=\"elementor-spacer-inner\"><\/div>\n\t\t<\/div>\n\t\t\t\t\t\t<\/div>\n\t\t\t\t<\/div>\n\t\t\t\t\t<\/div>\n\t\t\t\t<\/div>\n\t\t<div class=\"elementor-element elementor-element-db80bd6 e-flex e-con-boxed e-con e-parent\" data-id=\"db80bd6\" data-element_type=\"container\" data-e-type=\"container\">\n\t\t\t\t\t<div class=\"e-con-inner\">\n\t\t\t\t<div class=\"elementor-element elementor-element-fd53bf7 elementor-widget elementor-widget-text-editor\" data-id=\"fd53bf7\" data-element_type=\"widget\" data-e-type=\"widget\" data-widget_type=\"text-editor.default\">\n\t\t\t\t<div class=\"elementor-widget-container\">\n\t\t\t\t\t\t\t\t\t<style type='text\/css' media='all'>#rt-tpg-container-745183680 .rt-holder .rt-woo-info .price{color:#0367bf;}body .rt-tpg-container .rt-tpg-isotope-buttons .selected,\n\t\t\t\t\t#rt-tpg-container-745183680 .layout12 .rt-holder:hover .rt-detail,\n\t\t\t\t\t#rt-tpg-container-745183680 .isotope8 .rt-holder:hover .rt-detail,\n\t\t\t\t\t#rt-tpg-container-745183680 .carousel8 .rt-holder:hover .rt-detail,\n\t\t\t\t\t#rt-tpg-container-745183680 .layout13 .rt-holder .overlay .post-info,\n\t\t\t\t\t#rt-tpg-container-745183680 .isotope9 .rt-holder .overlay .post-info,\n\t\t\t\t\t#rt-tpg-container-745183680.rt-tpg-container .layout4 .rt-holder .rt-detail,\n\t\t\t\t\t.rt-modal-745183680 .md-content,\n\t\t\t\t\t.rt-modal-745183680 .md-content > .rt-md-content-holder .rt-md-content,\n\t\t\t\t\t.rt-popup-wrap-745183680.rt-popup-wrap .rt-popup-navigation-wrap,\n\t\t\t\t\t#rt-tpg-container-745183680 .carousel9 .rt-holder .overlay .post-info{background-color:#0367bf;}#rt-tpg-container-745183680 .layout5 .rt-holder .overlay, #rt-tpg-container-745183680 .isotope2 .rt-holder .overlay, #rt-tpg-container-745183680 .carousel2 .rt-holder .overlay,#rt-tpg-container-745183680 .layout15 .rt-holder h3, #rt-tpg-container-745183680 .isotope11 .rt-holder h3, #rt-tpg-container-745183680 .carousel11 .rt-holder h3, #rt-tpg-container-745183680 .layout16 .rt-holder h3,\n\t\t\t\t\t#rt-tpg-container-745183680 .isotope12 .rt-holder h3, #rt-tpg-container-745183680 .carousel12 .rt-holder h3 {background-color:rgba(3,103,191,0.8);}#rt-tpg-container-745183680 .read-more a{border-radius:px;}#rt-tpg-container-745183680 .rt-img-holder img.rt-img-responsive,#rt-tpg-container-745183680 .rt-img-holder,\n\t\t\t\t\t#rt-tpg-container-745183680 .rt-post-overlay .post-img,\n\t\t\t\t\t#rt-tpg-container-745183680 .post-sm .post-img,\n\t\t\t\t\t#rt-tpg-container-745183680 .rt-post-grid .post-img,\n\t\t\t\t\t#rt-tpg-container-745183680 .post-img img {border-radius:px;}<\/style><div class='rt-container-fluid rt-tpg-container tpg-shortcode-main-wrapper ' id='rt-tpg-container-745183680'   data-layout='layout12' data-grid-style='even' data-desktop-col='3'  data-tab-col='2'  data-mobile-col='1' data-sc-id='3728'><div data-title='Loading ...' class='rt-row rt-content-loader   layout12 tpg-even '><div class=\"rt-col-md-4 rt-col-sm-6 rt-col-xs-12 even-grid-item rt-grid-item\" data-id=\"2608\"><div class=\"rt-holder\"><div class=\"rt-img-holder\"><a data-id='2608' class='' href='https:\/\/rezebproject-eu.com\/?p=2608'><img fetchpriority=\"high\" decoding=\"async\" width=\"1514\" height=\"640\" src=\"https:\/\/rezebproject-eu.com\/wp-content\/uploads\/2025\/01\/001.jpg\" class=\"rt-img-responsive \" alt=\"\" \/><\/a><\/div> <div class='rt-detail'><h3 class=\"entry-title\"><a data-id=\"2608\" class=\"\" href=\"https:\/\/rezebproject-eu.com\/?p=2608\">3rd Consortium Meeting of the reZEB Project in Mitrovica, Kosovo<\/a><\/h3><div class='tpg-excerpt'>Location: IBC-M Campus, Mitrovica, Kosovo The third consortium meeting of the reZEB Project (Erasmus+, Ref&#8230;<\/div><div class='post-meta '><span class='read-more'><a data-id='2608' class='' href='https:\/\/rezebproject-eu.com\/?p=2608'>Read More<\/a><\/span><\/div><\/div><\/div><\/div><div class=\"rt-col-md-4 rt-col-sm-6 rt-col-xs-12 even-grid-item rt-grid-item\" data-id=\"2971\"><div class=\"rt-holder\"><div class=\"rt-img-holder\"><a data-id='2971' class='' href='https:\/\/rezebproject-eu.com\/?p=2971'><img decoding=\"async\" width=\"2048\" height=\"1365\" src=\"https:\/\/rezebproject-eu.com\/wp-content\/uploads\/2025\/05\/k1.jpg\" class=\"rt-img-responsive \" alt=\"\" \/><\/a><\/div> <div class='rt-detail'><h3 class=\"entry-title\"><a data-id=\"2971\" class=\"\" href=\"https:\/\/rezebproject-eu.com\/?p=2971\">4th Consortium Meeting, January 2025<\/a><\/h3><div class='tpg-excerpt'>The 4th Consortium Meeting of the reZEB Project, held on January 13\u201314, 2025 at Kolegji&#8230;<\/div><div class='post-meta '><span class='read-more'><a data-id='2971' class='' href='https:\/\/rezebproject-eu.com\/?p=2971'>Read More<\/a><\/span><\/div><\/div><\/div><\/div><div class=\"rt-col-md-4 rt-col-sm-6 rt-col-xs-12 even-grid-item rt-grid-item\" data-id=\"3250\"><div class=\"rt-holder\"><div class=\"rt-img-holder\"><a data-id='3250' class='' href='https:\/\/rezebproject-eu.com\/?p=3250'><img decoding=\"async\" width=\"2025\" height=\"2025\" src=\"https:\/\/rezebproject-eu.com\/wp-content\/uploads\/2025\/06\/01.jpg\" class=\"rt-img-responsive \" alt=\"\" \/><\/a><\/div> <div class='rt-detail'><h3 class=\"entry-title\"><a data-id=\"3250\" class=\"\" href=\"https:\/\/rezebproject-eu.com\/?p=3250\">5th Consortium Meeting of the reZEB Project<\/a><\/h3><div class='tpg-excerpt'>Pafos, Cyprus | May 19\u201321, 2025 The 5th Consortium Meeting of the reZEB Project took&#8230;<\/div><div class='post-meta '><span class='read-more'><a data-id='3250' class='' href='https:\/\/rezebproject-eu.com\/?p=3250'>Read More<\/a><\/span><\/div><\/div><\/div><\/div><div class=\"rt-col-md-4 rt-col-sm-6 rt-col-xs-12 even-grid-item rt-grid-item\" data-id=\"3718\"><div class=\"rt-holder\"><div class=\"rt-img-holder\"><a data-id='3718' class='' href='https:\/\/rezebproject-eu.com\/?p=3718'><img loading=\"lazy\" decoding=\"async\" width=\"2025\" height=\"2025\" src=\"https:\/\/rezebproject-eu.com\/wp-content\/uploads\/2026\/02\/01.jpg\" class=\"rt-img-responsive \" alt=\"\" \/><\/a><\/div> <div class='rt-detail'><h3 class=\"entry-title\"><a data-id=\"3718\" class=\"\" href=\"https:\/\/rezebproject-eu.com\/?p=3718\">Consortium Meeting of the reZEB Project in Spain, November 2025<\/a><\/h3><div class='tpg-excerpt'>The University of Castilla-La Mancha (UCLM) is hosting today a consortium meeting for the Erasmus+&#8230;<\/div><div class='post-meta '><span class='read-more'><a data-id='3718' class='' href='https:\/\/rezebproject-eu.com\/?p=3718'>Read More<\/a><\/span><\/div><\/div><\/div><\/div><div class=\"rt-col-md-4 rt-col-sm-6 rt-col-xs-12 even-grid-item rt-grid-item\" data-id=\"231\"><div class=\"rt-holder\"><div class=\"rt-img-holder\"><a data-id='231' class='' href='https:\/\/rezebproject-eu.com\/?p=231'><img loading=\"lazy\" decoding=\"async\" width=\"1024\" height=\"768\" src=\"https:\/\/rezebproject-eu.com\/wp-content\/uploads\/2024\/01\/01.jpg\" class=\"rt-img-responsive \" alt=\"\" \/><\/a><\/div> <div class='rt-detail'><h3 class=\"entry-title\"><a data-id=\"231\" class=\"\" href=\"https:\/\/rezebproject-eu.com\/?p=231\">Kick off meeting at ULCM, Spain &#8211; Starting the reZEB project on a high note<\/a><\/h3><div class='tpg-excerpt'>Prof. Ra\u00fal Mart\u00edn, Prof. Vicente Feliu, and Prof. Juan Jos\u00e9 Hern\u00e1ndez welcomed the team, diving&#8230;<\/div><div class='post-meta '><span class='read-more'><a data-id='231' class='' href='https:\/\/rezebproject-eu.com\/?p=231'>Read More<\/a><\/span><\/div><\/div><\/div><\/div><div class=\"rt-col-md-4 rt-col-sm-6 rt-col-xs-12 even-grid-item rt-grid-item\" data-id=\"1958\"><div class=\"rt-holder\"><div class=\"rt-img-holder\"><a data-id='1958' class='' href='https:\/\/rezebproject-eu.com\/?p=1958'><img loading=\"lazy\" decoding=\"async\" width=\"1280\" height=\"630\" src=\"https:\/\/rezebproject-eu.com\/wp-content\/uploads\/2024\/04\/uet-qaa-logo.jpg\" class=\"rt-img-responsive \" alt=\"\" \/><\/a><\/div> <div class='rt-detail'><h3 class=\"entry-title\"><a data-id=\"1958\" class=\"\" href=\"https:\/\/rezebproject-eu.com\/?p=1958\">Second partner meeting of the reZEB Project at UEC Campus, Rome<\/a><\/h3><div class='tpg-excerpt'>Such an incredible day at the Second Consortium meeting of the reZEB Project, held at&#8230;<\/div><div class='post-meta '><span class='read-more'><a data-id='1958' class='' href='https:\/\/rezebproject-eu.com\/?p=1958'>Read More<\/a><\/span><\/div><\/div><\/div><\/div><\/div><\/div>\t\t\t\t\t\t\t\t<\/div>\n\t\t\t\t<\/div>\n\t\t\t\t\t<\/div>\n\t\t\t\t<\/div>\n\t\t\t\t<\/div>\n\t\t","protected":false},"excerpt":{"rendered":"<p>Partners Meetings<\/p>\n","protected":false},"author":1,"featured_media":0,"parent":0,"menu_order":0,"comment_status":"closed","ping_status":"closed","template":"elementor_header_footer","meta":{"_acf_changed":false,"neve_meta_sidebar":"","neve_meta_container":"","neve_meta_enable_content_width":"off","neve_meta_content_width":100,"neve_meta_title_alignment":"","neve_meta_author_avatar":"","neve_post_elements_order":"","neve_meta_disable_header":"","neve_meta_disable_footer":"","neve_meta_disable_title":"","footnotes":""},"class_list":["post-3636","page","type-page","status-publish","hentry"],"acf":[],"yoast_head":"<!-- This site is optimized with the Yoast SEO plugin v27.5 - https:\/\/yoast.com\/product\/yoast-seo-wordpress\/ -->\n<title>Consortium Meetings - reZEB<\/title>\n<meta name=\"robots\" content=\"index, follow, max-snippet:-1, max-image-preview:large, max-video-preview:-1\" \/>\n<link rel=\"canonical\" href=\"https:\/\/rezebproject-eu.com\/?page_id=3636\" \/>\n<meta property=\"og:locale\" content=\"en_US\" \/>\n<meta property=\"og:type\" content=\"article\" \/>\n<meta property=\"og:title\" content=\"Consortium Meetings - reZEB\" \/>\n<meta property=\"og:description\" content=\"Partners Meetings\" \/>\n<meta property=\"og:url\" content=\"https:\/\/rezebproject-eu.com\/?page_id=3636\" \/>\n<meta property=\"og:site_name\" content=\"reZEB\" \/>\n<meta property=\"article:modified_time\" content=\"2026-02-16T10:38:22+00:00\" \/>\n<meta name=\"twitter:card\" content=\"summary_large_image\" \/>\n<meta name=\"twitter:label1\" content=\"Est. reading time\" \/>\n\t<meta name=\"twitter:data1\" content=\"1 minute\" \/>\n<script type=\"application\/ld+json\" class=\"yoast-schema-graph\">{\"@context\":\"https:\\\/\\\/schema.org\",\"@graph\":[{\"@type\":\"WebPage\",\"@id\":\"https:\\\/\\\/rezebproject-eu.com\\\/?page_id=3636\",\"url\":\"https:\\\/\\\/rezebproject-eu.com\\\/?page_id=3636\",\"name\":\"Consortium Meetings - reZEB\",\"isPartOf\":{\"@id\":\"https:\\\/\\\/rezebproject-eu.com\\\/#website\"},\"datePublished\":\"2025-12-08T12:25:40+00:00\",\"dateModified\":\"2026-02-16T10:38:22+00:00\",\"breadcrumb\":{\"@id\":\"https:\\\/\\\/rezebproject-eu.com\\\/?page_id=3636#breadcrumb\"},\"inLanguage\":\"en-US\",\"potentialAction\":[{\"@type\":\"ReadAction\",\"target\":[\"https:\\\/\\\/rezebproject-eu.com\\\/?page_id=3636\"]}]},{\"@type\":\"BreadcrumbList\",\"@id\":\"https:\\\/\\\/rezebproject-eu.com\\\/?page_id=3636#breadcrumb\",\"itemListElement\":[{\"@type\":\"ListItem\",\"position\":1,\"name\":\"Home\",\"item\":\"https:\\\/\\\/rezebproject-eu.com\\\/\"},{\"@type\":\"ListItem\",\"position\":2,\"name\":\"Consortium Meetings\"}]},{\"@type\":\"WebSite\",\"@id\":\"https:\\\/\\\/rezebproject-eu.com\\\/#website\",\"url\":\"https:\\\/\\\/rezebproject-eu.com\\\/\",\"name\":\"reZEB\",\"description\":\"\",\"publisher\":{\"@id\":\"https:\\\/\\\/rezebproject-eu.com\\\/#organization\"},\"potentialAction\":[{\"@type\":\"SearchAction\",\"target\":{\"@type\":\"EntryPoint\",\"urlTemplate\":\"https:\\\/\\\/rezebproject-eu.com\\\/?s={search_term_string}\"},\"query-input\":{\"@type\":\"PropertyValueSpecification\",\"valueRequired\":true,\"valueName\":\"search_term_string\"}}],\"inLanguage\":\"en-US\"},{\"@type\":\"Organization\",\"@id\":\"https:\\\/\\\/rezebproject-eu.com\\\/#organization\",\"name\":\"reZEB\",\"url\":\"https:\\\/\\\/rezebproject-eu.com\\\/\",\"logo\":{\"@type\":\"ImageObject\",\"inLanguage\":\"en-US\",\"@id\":\"https:\\\/\\\/rezebproject-eu.com\\\/#\\\/schema\\\/logo\\\/image\\\/\",\"url\":\"https:\\\/\\\/rezebproject-eu.com\\\/wp-content\\\/uploads\\\/2024\\\/03\\\/logo-rezeb.png\",\"contentUrl\":\"https:\\\/\\\/rezebproject-eu.com\\\/wp-content\\\/uploads\\\/2024\\\/03\\\/logo-rezeb.png\",\"width\":600,\"height\":261,\"caption\":\"reZEB\"},\"image\":{\"@id\":\"https:\\\/\\\/rezebproject-eu.com\\\/#\\\/schema\\\/logo\\\/image\\\/\"}}]}<\/script>\n<!-- \/ Yoast SEO plugin. -->","yoast_head_json":{"title":"Consortium Meetings - reZEB","robots":{"index":"index","follow":"follow","max-snippet":"max-snippet:-1","max-image-preview":"max-image-preview:large","max-video-preview":"max-video-preview:-1"},"canonical":"https:\/\/rezebproject-eu.com\/?page_id=3636","og_locale":"en_US","og_type":"article","og_title":"Consortium Meetings - reZEB","og_description":"Partners Meetings","og_url":"https:\/\/rezebproject-eu.com\/?page_id=3636","og_site_name":"reZEB","article_modified_time":"2026-02-16T10:38:22+00:00","twitter_card":"summary_large_image","twitter_misc":{"Est. reading time":"1 minute"},"schema":{"@context":"https:\/\/schema.org","@graph":[{"@type":"WebPage","@id":"https:\/\/rezebproject-eu.com\/?page_id=3636","url":"https:\/\/rezebproject-eu.com\/?page_id=3636","name":"Consortium Meetings - reZEB","isPartOf":{"@id":"https:\/\/rezebproject-eu.com\/#website"},"datePublished":"2025-12-08T12:25:40+00:00","dateModified":"2026-02-16T10:38:22+00:00","breadcrumb":{"@id":"https:\/\/rezebproject-eu.com\/?page_id=3636#breadcrumb"},"inLanguage":"en-US","potentialAction":[{"@type":"ReadAction","target":["https:\/\/rezebproject-eu.com\/?page_id=3636"]}]},{"@type":"BreadcrumbList","@id":"https:\/\/rezebproject-eu.com\/?page_id=3636#breadcrumb","itemListElement":[{"@type":"ListItem","position":1,"name":"Home","item":"https:\/\/rezebproject-eu.com\/"},{"@type":"ListItem","position":2,"name":"Consortium Meetings"}]},{"@type":"WebSite","@id":"https:\/\/rezebproject-eu.com\/#website","url":"https:\/\/rezebproject-eu.com\/","name":"reZEB","description":"","publisher":{"@id":"https:\/\/rezebproject-eu.com\/#organization"},"potentialAction":[{"@type":"SearchAction","target":{"@type":"EntryPoint","urlTemplate":"https:\/\/rezebproject-eu.com\/?s={search_term_string}"},"query-input":{"@type":"PropertyValueSpecification","valueRequired":true,"valueName":"search_term_string"}}],"inLanguage":"en-US"},{"@type":"Organization","@id":"https:\/\/rezebproject-eu.com\/#organization","name":"reZEB","url":"https:\/\/rezebproject-eu.com\/","logo":{"@type":"ImageObject","inLanguage":"en-US","@id":"https:\/\/rezebproject-eu.com\/#\/schema\/logo\/image\/","url":"https:\/\/rezebproject-eu.com\/wp-content\/uploads\/2024\/03\/logo-rezeb.png","contentUrl":"https:\/\/rezebproject-eu.com\/wp-content\/uploads\/2024\/03\/logo-rezeb.png","width":600,"height":261,"caption":"reZEB"},"image":{"@id":"https:\/\/rezebproject-eu.com\/#\/schema\/logo\/image\/"}}]}},"jetpack_sharing_enabled":true,"rttpg_featured_image_url":null,"rttpg_author":{"display_name":"admin","author_link":"https:\/\/rezebproject-eu.com\/?author=1"},"rttpg_comment":0,"rttpg_category":"","rttpg_excerpt":"Partners Meetings","_links":{"self":[{"href":"https:\/\/rezebproject-eu.com\/index.php?rest_route=\/wp\/v2\/pages\/3636","targetHints":{"allow":["GET"]}}],"collection":[{"href":"https:\/\/rezebproject-eu.com\/index.php?rest_route=\/wp\/v2\/pages"}],"about":[{"href":"https:\/\/rezebproject-eu.com\/index.php?rest_route=\/wp\/v2\/types\/page"}],"author":[{"embeddable":true,"href":"https:\/\/rezebproject-eu.com\/index.php?rest_route=\/wp\/v2\/users\/1"}],"replies":[{"embeddable":true,"href":"https:\/\/rezebproject-eu.com\/index.php?rest_route=%2Fwp%2Fv2%2Fcomments&post=3636"}],"version-history":[{"count":10,"href":"https:\/\/rezebproject-eu.com\/index.php?rest_route=\/wp\/v2\/pages\/3636\/revisions"}],"predecessor-version":[{"id":3731,"href":"https:\/\/rezebproject-eu.com\/index.php?rest_route=\/wp\/v2\/pages\/3636\/revisions\/3731"}],"wp:attachment":[{"href":"https:\/\/rezebproject-eu.com\/index.php?rest_route=%2Fwp%2Fv2%2Fmedia&parent=3636"}],"curies":[{"name":"wp","href":"https:\/\/api.w.org\/{rel}","templated":true}]}}