{"id":2575,"date":"2025-01-13T09:49:35","date_gmt":"2025-01-13T07:49:35","guid":{"rendered":"https:\/\/rezebproject-eu.com\/?page_id=2575"},"modified":"2025-10-30T13:49:01","modified_gmt":"2025-10-30T11:49:01","slug":"project-network","status":"publish","type":"page","link":"https:\/\/rezebproject-eu.com\/?page_id=2575","title":{"rendered":"Project Network"},"content":{"rendered":"\t\t<div data-elementor-type=\"wp-page\" data-elementor-id=\"2575\" class=\"elementor elementor-2575\">\n\t\t\t\t<div class=\"elementor-element elementor-element-46110441 e-flex e-con-boxed e-con e-parent\" data-id=\"46110441\" data-element_type=\"container\" data-e-type=\"container\">\n\t\t\t\t\t<div class=\"e-con-inner\">\n\t\t\t\t<div class=\"elementor-element elementor-element-565be02f elementor-widget elementor-widget-text-editor\" data-id=\"565be02f\" data-element_type=\"widget\" data-e-type=\"widget\" data-widget_type=\"text-editor.default\">\n\t\t\t\t<div class=\"elementor-widget-container\">\n\t\t\t\t\t\t\t\t\t<h5>List of project collaborators by institution or company.<\/h5>\t\t\t\t\t\t\t\t<\/div>\n\t\t\t\t<\/div>\n\t\t\t\t\t<\/div>\n\t\t\t\t<\/div>\n\t\t<div class=\"elementor-element elementor-element-9e36b62 e-flex e-con-boxed e-con e-parent\" data-id=\"9e36b62\" data-element_type=\"container\" data-e-type=\"container\">\n\t\t\t\t\t<div class=\"e-con-inner\">\n\t\t\t\t<div class=\"elementor-element elementor-element-f839b9d elementor-widget elementor-widget-html\" data-id=\"f839b9d\" data-element_type=\"widget\" data-e-type=\"widget\" data-widget_type=\"html.default\">\n\t\t\t\t<div class=\"elementor-widget-container\">\n\t\t\t\t\t<style>\r\n.member-section {\r\n  max-width: 1100px;\r\n  margin: 50px auto;\r\n  padding: 30px;\r\n  background: #f4f6f8;\r\n  border-radius: 20px;\r\n  box-shadow: inset 2px 2px 8px rgba(0,0,0,0.05),\r\n              inset -2px -2px 8px rgba(255,255,255,0.8);\r\n  font-family: \"Poppins\", sans-serif;\r\n}\r\n\r\n.member-section h2 {\r\n  text-align: center;\r\n  font-size: 1.8rem;\r\n  color: #0073aa;\r\n  margin-bottom: 25px;\r\n}\r\n\r\n.member-table {\r\n  width: 100%;\r\n  border-collapse: collapse;\r\n  overflow: hidden;\r\n  border-radius: 12px;\r\n}\r\n\r\n.member-table thead {\r\n  background: linear-gradient(135deg, #0073aa, #00a0d2);\r\n  color: #fff;\r\n}\r\n\r\n.member-table th {\r\n  padding: 14px 16px;\r\n  font-weight: 600;\r\n  text-align: left;\r\n  font-size: 15px;\r\n  letter-spacing: 0.5px;\r\n}\r\n\r\n.member-table tbody tr {\r\n  background: #fff;\r\n  transition: all 0.2s ease;\r\n}\r\n\r\n.member-table td {\r\n  padding: 14px 16px;\r\n  border-bottom: 1px solid #e5e7eb;\r\n  color: #444;\r\n}\r\n\r\n.member-table tr:hover {\r\n  transform: scale(1.01);\r\n  box-shadow: 0 4px 15px rgba(0,0,0,0.08);\r\n  background: #f9fdff;\r\n}\r\n\r\n.member-table tbody tr:last-child td {\r\n  border-bottom: none;\r\n}\r\n\r\n\/* Responsive Style *\/\r\n@media (max-width: 768px) {\r\n  .member-table thead {\r\n    display: none;\r\n  }\r\n  .member-table, .member-table tbody, .member-table tr, .member-table td {\r\n    display: block;\r\n    width: 100%;\r\n  }\r\n  .member-table tr {\r\n    margin-bottom: 15px;\r\n    border-radius: 10px;\r\n    background: #fff;\r\n    box-shadow: 0 2px 6px rgba(0,0,0,0.05);\r\n  }\r\n  .member-table td {\r\n    padding: 10px 14px;\r\n    border: none;\r\n    display: flex;\r\n    justify-content: space-between;\r\n    border-bottom: 1px solid #f0f0f0;\r\n  }\r\n  .member-table td::before {\r\n    content: attr(data-label);\r\n    font-weight: 600;\r\n    color: #0073aa;\r\n  }\r\n}\r\n<\/style>\r\n\r\n<div class=\"member-section\">\r\n  <h2>Project Network Members<\/h2>\r\n  <table class=\"member-table\">\r\n    <thead>\r\n      <tr>\r\n        <th>No<\/th>\r\n        <th>Member<\/th>\r\n        <th>Contact Person<\/th>\r\n      <\/tr>\r\n    <\/thead>\r\n    <tbody>\r\n      <tr><td data-label=\"No\">1<\/td><td data-label=\"Member\">Isec<\/td><td data-label=\"Contact Person\">Arsona<\/td><\/tr>\r\n      <tr><td>2<\/td><td>Albanian renewable energy association AREA<\/td><td>Marsida Nuredini<\/td><\/tr>\r\n      <tr><td>3<\/td><td>AFA ENGINEERING SH.P.K<\/td><td>Agim Zefi<\/td><\/tr>\r\n      <tr><td>4<\/td><td>Nepune.com shpk<\/td><td>Ersi Salaj<\/td><\/tr>\r\n      <tr><td>5<\/td><td>iClima Albania<\/td><td>Laert Shehu<\/td><\/tr>\r\n      <tr><td>6<\/td><td>OSSH Sha<\/td><td>Enrik Skonja<\/td><\/tr>\r\n      <tr><td>7<\/td><td>Tech360 Smart Solutions<\/td><td>Dr. Erjon Curraj<\/td><\/tr>\r\n      <tr><td>8<\/td><td>AlbaVolt<\/td><td>Gledis Qose<\/td><\/tr>\r\n      <tr><td>9<\/td><td>Electro Power Solution<\/td><td>Ing. Spartak Palamani<\/td><\/tr>\r\n      <tr><td>10<\/td><td>ALB-MATRIX GROUP SHPK<\/td><td>\u00c7elestina Roshniku<\/td><\/tr>\r\n      <tr><td>11<\/td><td>2T Shpk<\/td><td>Arjan Goxhi<\/td><\/tr>\r\n      <tr><td>12<\/td><td>Enti Rregullator i Energjise<\/td><td>Ajlin Sharku<\/td><\/tr>\r\n      <tr><td>13<\/td><td>EuroTeorema Peqin<\/td><td>Luftar Hamiti<\/td><\/tr>\r\n      <tr><td>14<\/td><td>ManeTCI<\/td><td>Volant Leka<\/td><\/tr>\r\n      <tr><td>15<\/td><td>Geci Shpk<\/td><td>Ilmi Geci<\/td><\/tr>\r\n      <tr><td>16<\/td><td>Varaku E Shpk<\/td><td>Shp\u00ebtim Varaku<\/td><\/tr>\r\n      <tr><td>17<\/td><td>Kevin Konstruction<\/td><td>Kevin Gjika<\/td><\/tr>\r\n      <tr><td>18<\/td><td>EUROTEOREMA GROUP<\/td><td>Sali To\u00e7illa<\/td><\/tr>\r\n      <tr><td>19<\/td><td>Geoab shpk<\/td><td>Ani Xhagolli<\/td><\/tr>\r\n      <tr><td>20<\/td><td>Alb Matrix Group Shpk<\/td><td>Emiliano Qose<\/td><\/tr>\r\n      <tr><td>21<\/td><td>KESh sh.a<\/td><td>Jonid Kazani<\/td><\/tr>\r\n      <tr><td>22<\/td><td>Energy Studies Center<\/td><td>Mr. Ben Burda<\/td><\/tr>\r\n      <tr><td>23<\/td><td>Elite Enginnering<\/td><td>Rigers Peci<\/td><\/tr>\r\n      <tr><td>24<\/td><td>Advanced Business Solutions-ABS<\/td><td>Msc. Electrical Engineer Irdi Goce<\/td><\/tr>\r\n      <tr><td>25<\/td><td>Kokoneshi Beton<\/td><td>Agim Kokoneshi<\/td><\/tr>\r\n      <tr><td>26<\/td><td>Vega sh.p.k<\/td><td>Florjan Kondo<\/td><\/tr>\r\n      <tr><td>27<\/td><td>Agjensia p\u00ebr Eficenc\u00ebn e Energjis\u00eb<\/td><td>Agron Ballgjini<\/td><\/tr>\r\n      <tr><td>28<\/td><td>Drejtoria e P\u00ebrgjithshme e Akreditimit<\/td><td>Nikola Haxhistaso<\/td><\/tr>\r\n      <tr><td>29<\/td><td>Bashkia Tiran\u00eb<\/td><td>Megi Toska<\/td><\/tr>\r\n      <tr><td>30<\/td><td>Guri shpk<\/td><td>Merita Guri<\/td><\/tr>\r\n      <tr><td>31<\/td><td>Metropolis<\/td><td>Ledian Bregasi<\/td><\/tr>\r\n      <tr><td>32<\/td><td>IZOTERM<\/td><td>NA<\/td><\/tr>\r\n      <tr><td>33<\/td><td>KNAUF<\/td><td>A. Muca<\/td><\/tr>\r\n      <tr><td>34<\/td><td>IBC-M<\/td><td>MSc Gresa Ferri<\/td><\/tr>\r\n      <tr><td>35<\/td><td>ARC Construction<\/td><td>Alban Ke\u00e7i<\/td><\/tr>\r\n      <tr><td>36<\/td><td>Kaso Group sh.p.k<\/td><td>Era Kaso<\/td><\/tr>\r\n      <tr><td>37<\/td><td>SunVolta Energy<\/td><td>Valon Sadiku<\/td><\/tr>\r\n      <tr><td>38<\/td><td>\"UNIVERS KiM\" sh.p.k.<\/td><td>Nikola Gvozdovic<\/td><\/tr>\r\n      <tr><td>39<\/td><td>Tehnokim<\/td><td>Ergjan Mazreku<\/td><\/tr>\r\n      <tr><td>40<\/td><td>Muqa Solar Company<\/td><td>Xhevat Muqa<\/td><\/tr>\r\n      <tr><td>41<\/td><td>Alfa Solar Energy<\/td><td>Gentiana Shala Alija<\/td><\/tr>\r\n      <tr><td>42<\/td><td>Jaha Solar Company<\/td><td>A. Maloku<\/td><\/tr>\r\n      <tr><td>43<\/td><td>LINPROJEKT<\/td><td>Ferki Haxhimehmeti<\/td><\/tr>\r\n      <tr><td>44<\/td><td>NGO Center for Affirmative Social Actions<\/td><td>Stefan Kalaba<\/td><\/tr>\r\n      <tr><td>45<\/td><td>Municipality of Zvecan<\/td><td>Stevan Djokic<\/td><\/tr>\r\n      <tr><td>46<\/td><td>Sigma Projekt Arh d.o.o.<\/td><td>Aleksandar Ratkovic<\/td><\/tr>\r\n      <tr><td>47<\/td><td>PGP Kolasin<\/td><td>dr. Gordana Milentijevic<\/td><\/tr>\r\n      <tr><td>48<\/td><td>MIREK (Metal Industry and Renewable Energy of Kosovo)<\/td><td>Astrit Rexhaj<\/td><\/tr>\r\n      <tr><td>49<\/td><td>Universum International College<\/td><td>Kujtim Gjokaj<\/td><\/tr>\r\n      <tr><td>50<\/td><td>Thaqi<\/td><td>Gani Thaqi<\/td><\/tr>\r\n      <tr><td>51<\/td><td>ELEN - Solar Energy Group<\/td><td>Lulzim Syla<\/td><\/tr>\r\n      <tr><td>52<\/td><td>ESCO Solar<\/td><td>Fatjon Bajrami<\/td><\/tr>\r\n      <tr><td>53<\/td><td>EMK Trade LLC<\/td><td>Kushtrim Zebica<\/td><\/tr>\r\n      <tr><td>54<\/td><td>Monting LLC<\/td><td>Visar Ahmeti<\/td><\/tr>\r\n      <tr><td>55<\/td><td>Jaha Solar LLC<\/td><td>Trim Ternava<\/td><\/tr>\r\n    <\/tbody>\r\n  <\/table>\r\n<\/div>\r\n\t\t\t\t<\/div>\n\t\t\t\t<\/div>\n\t\t\t\t<div class=\"elementor-element elementor-element-e7a640b elementor-widget elementor-widget-spacer\" data-id=\"e7a640b\" data-element_type=\"widget\" data-e-type=\"widget\" data-widget_type=\"spacer.default\">\n\t\t\t\t<div class=\"elementor-widget-container\">\n\t\t\t\t\t\t\t<div class=\"elementor-spacer\">\n\t\t\t<div class=\"elementor-spacer-inner\"><\/div>\n\t\t<\/div>\n\t\t\t\t\t\t<\/div>\n\t\t\t\t<\/div>\n\t\t\t\t\t<\/div>\n\t\t\t\t<\/div>\n\t\t\t\t<\/div>\n\t\t","protected":false},"excerpt":{"rendered":"<p>List of project collaborators by institution or company. Project Network Members No Member Contact Person 1 Isec Arsona 2 Albanian renewable energy association AREA Marsida Nuredini 3 AFA ENGINEERING SH.P.K Agim Zefi 4 Nepune.com shpk Ersi Salaj 5 iClima Albania Laert Shehu 6 OSSH Sha Enrik Skonja 7 Tech360 Smart Solutions Dr. Erjon Curraj 8&hellip;&nbsp;<a href=\"https:\/\/rezebproject-eu.com\/?page_id=2575\" rel=\"bookmark\">Read More &raquo;<span class=\"screen-reader-text\">Project Network<\/span><\/a><\/p>\n","protected":false},"author":1,"featured_media":0,"parent":0,"menu_order":0,"comment_status":"closed","ping_status":"closed","template":"","meta":{"_acf_changed":false,"neve_meta_sidebar":"","neve_meta_container":"","neve_meta_enable_content_width":"off","neve_meta_content_width":100,"neve_meta_title_alignment":"","neve_meta_author_avatar":"","neve_post_elements_order":"","neve_meta_disable_header":"","neve_meta_disable_footer":"","neve_meta_disable_title":"","footnotes":""},"class_list":["post-2575","page","type-page","status-publish","hentry"],"acf":[],"yoast_head":"<!-- This site is optimized with the Yoast SEO plugin v27.4 - https:\/\/yoast.com\/product\/yoast-seo-wordpress\/ -->\n<title>Project Network - reZEB<\/title>\n<meta name=\"robots\" content=\"index, follow, max-snippet:-1, max-image-preview:large, max-video-preview:-1\" \/>\n<link rel=\"canonical\" href=\"https:\/\/rezebproject-eu.com\/?page_id=2575\" \/>\n<meta property=\"og:locale\" content=\"en_US\" \/>\n<meta property=\"og:type\" content=\"article\" \/>\n<meta property=\"og:title\" content=\"Project Network - reZEB\" \/>\n<meta property=\"og:description\" content=\"List of project collaborators by institution or company. Project Network Members No Member Contact Person 1 Isec Arsona 2 Albanian renewable energy association AREA Marsida Nuredini 3 AFA ENGINEERING SH.P.K Agim Zefi 4 Nepune.com shpk Ersi Salaj 5 iClima Albania Laert Shehu 6 OSSH Sha Enrik Skonja 7 Tech360 Smart Solutions Dr. Erjon Curraj 8&hellip;&nbsp;Read More &raquo;Project Network\" \/>\n<meta property=\"og:url\" content=\"https:\/\/rezebproject-eu.com\/?page_id=2575\" \/>\n<meta property=\"og:site_name\" content=\"reZEB\" \/>\n<meta property=\"article:modified_time\" content=\"2025-10-30T11:49:01+00:00\" \/>\n<meta name=\"twitter:card\" content=\"summary_large_image\" \/>\n<meta name=\"twitter:label1\" content=\"Est. reading time\" \/>\n\t<meta name=\"twitter:data1\" content=\"2 minutes\" \/>\n<script type=\"application\/ld+json\" class=\"yoast-schema-graph\">{\"@context\":\"https:\\\/\\\/schema.org\",\"@graph\":[{\"@type\":\"WebPage\",\"@id\":\"https:\\\/\\\/rezebproject-eu.com\\\/?page_id=2575\",\"url\":\"https:\\\/\\\/rezebproject-eu.com\\\/?page_id=2575\",\"name\":\"Project Network - reZEB\",\"isPartOf\":{\"@id\":\"https:\\\/\\\/rezebproject-eu.com\\\/#website\"},\"datePublished\":\"2025-01-13T07:49:35+00:00\",\"dateModified\":\"2025-10-30T11:49:01+00:00\",\"breadcrumb\":{\"@id\":\"https:\\\/\\\/rezebproject-eu.com\\\/?page_id=2575#breadcrumb\"},\"inLanguage\":\"en-US\",\"potentialAction\":[{\"@type\":\"ReadAction\",\"target\":[\"https:\\\/\\\/rezebproject-eu.com\\\/?page_id=2575\"]}]},{\"@type\":\"BreadcrumbList\",\"@id\":\"https:\\\/\\\/rezebproject-eu.com\\\/?page_id=2575#breadcrumb\",\"itemListElement\":[{\"@type\":\"ListItem\",\"position\":1,\"name\":\"Home\",\"item\":\"https:\\\/\\\/rezebproject-eu.com\\\/\"},{\"@type\":\"ListItem\",\"position\":2,\"name\":\"Project Network\"}]},{\"@type\":\"WebSite\",\"@id\":\"https:\\\/\\\/rezebproject-eu.com\\\/#website\",\"url\":\"https:\\\/\\\/rezebproject-eu.com\\\/\",\"name\":\"reZEB\",\"description\":\"\",\"publisher\":{\"@id\":\"https:\\\/\\\/rezebproject-eu.com\\\/#organization\"},\"potentialAction\":[{\"@type\":\"SearchAction\",\"target\":{\"@type\":\"EntryPoint\",\"urlTemplate\":\"https:\\\/\\\/rezebproject-eu.com\\\/?s={search_term_string}\"},\"query-input\":{\"@type\":\"PropertyValueSpecification\",\"valueRequired\":true,\"valueName\":\"search_term_string\"}}],\"inLanguage\":\"en-US\"},{\"@type\":\"Organization\",\"@id\":\"https:\\\/\\\/rezebproject-eu.com\\\/#organization\",\"name\":\"reZEB\",\"url\":\"https:\\\/\\\/rezebproject-eu.com\\\/\",\"logo\":{\"@type\":\"ImageObject\",\"inLanguage\":\"en-US\",\"@id\":\"https:\\\/\\\/rezebproject-eu.com\\\/#\\\/schema\\\/logo\\\/image\\\/\",\"url\":\"https:\\\/\\\/rezebproject-eu.com\\\/wp-content\\\/uploads\\\/2024\\\/03\\\/logo-rezeb.png\",\"contentUrl\":\"https:\\\/\\\/rezebproject-eu.com\\\/wp-content\\\/uploads\\\/2024\\\/03\\\/logo-rezeb.png\",\"width\":600,\"height\":261,\"caption\":\"reZEB\"},\"image\":{\"@id\":\"https:\\\/\\\/rezebproject-eu.com\\\/#\\\/schema\\\/logo\\\/image\\\/\"}}]}<\/script>\n<!-- \/ Yoast SEO plugin. -->","yoast_head_json":{"title":"Project Network - reZEB","robots":{"index":"index","follow":"follow","max-snippet":"max-snippet:-1","max-image-preview":"max-image-preview:large","max-video-preview":"max-video-preview:-1"},"canonical":"https:\/\/rezebproject-eu.com\/?page_id=2575","og_locale":"en_US","og_type":"article","og_title":"Project Network - reZEB","og_description":"List of project collaborators by institution or company. Project Network Members No Member Contact Person 1 Isec Arsona 2 Albanian renewable energy association AREA Marsida Nuredini 3 AFA ENGINEERING SH.P.K Agim Zefi 4 Nepune.com shpk Ersi Salaj 5 iClima Albania Laert Shehu 6 OSSH Sha Enrik Skonja 7 Tech360 Smart Solutions Dr. Erjon Curraj 8&hellip;&nbsp;Read More &raquo;Project Network","og_url":"https:\/\/rezebproject-eu.com\/?page_id=2575","og_site_name":"reZEB","article_modified_time":"2025-10-30T11:49:01+00:00","twitter_card":"summary_large_image","twitter_misc":{"Est. reading time":"2 minutes"},"schema":{"@context":"https:\/\/schema.org","@graph":[{"@type":"WebPage","@id":"https:\/\/rezebproject-eu.com\/?page_id=2575","url":"https:\/\/rezebproject-eu.com\/?page_id=2575","name":"Project Network - reZEB","isPartOf":{"@id":"https:\/\/rezebproject-eu.com\/#website"},"datePublished":"2025-01-13T07:49:35+00:00","dateModified":"2025-10-30T11:49:01+00:00","breadcrumb":{"@id":"https:\/\/rezebproject-eu.com\/?page_id=2575#breadcrumb"},"inLanguage":"en-US","potentialAction":[{"@type":"ReadAction","target":["https:\/\/rezebproject-eu.com\/?page_id=2575"]}]},{"@type":"BreadcrumbList","@id":"https:\/\/rezebproject-eu.com\/?page_id=2575#breadcrumb","itemListElement":[{"@type":"ListItem","position":1,"name":"Home","item":"https:\/\/rezebproject-eu.com\/"},{"@type":"ListItem","position":2,"name":"Project Network"}]},{"@type":"WebSite","@id":"https:\/\/rezebproject-eu.com\/#website","url":"https:\/\/rezebproject-eu.com\/","name":"reZEB","description":"","publisher":{"@id":"https:\/\/rezebproject-eu.com\/#organization"},"potentialAction":[{"@type":"SearchAction","target":{"@type":"EntryPoint","urlTemplate":"https:\/\/rezebproject-eu.com\/?s={search_term_string}"},"query-input":{"@type":"PropertyValueSpecification","valueRequired":true,"valueName":"search_term_string"}}],"inLanguage":"en-US"},{"@type":"Organization","@id":"https:\/\/rezebproject-eu.com\/#organization","name":"reZEB","url":"https:\/\/rezebproject-eu.com\/","logo":{"@type":"ImageObject","inLanguage":"en-US","@id":"https:\/\/rezebproject-eu.com\/#\/schema\/logo\/image\/","url":"https:\/\/rezebproject-eu.com\/wp-content\/uploads\/2024\/03\/logo-rezeb.png","contentUrl":"https:\/\/rezebproject-eu.com\/wp-content\/uploads\/2024\/03\/logo-rezeb.png","width":600,"height":261,"caption":"reZEB"},"image":{"@id":"https:\/\/rezebproject-eu.com\/#\/schema\/logo\/image\/"}}]}},"jetpack_sharing_enabled":true,"rttpg_featured_image_url":null,"rttpg_author":{"display_name":"admin","author_link":"https:\/\/rezebproject-eu.com\/?author=1"},"rttpg_comment":0,"rttpg_category":null,"rttpg_excerpt":"List of project collaborators by institution or company. Project Network Members No Member Contact Person 1 Isec Arsona 2 Albanian renewable energy association AREA Marsida Nuredini 3 AFA ENGINEERING SH.P.K Agim Zefi 4 Nepune.com shpk Ersi Salaj 5 iClima Albania Laert Shehu 6 OSSH Sha Enrik Skonja 7 Tech360 Smart Solutions Dr. Erjon Curraj 8&hellip;&nbsp;Read&hellip;","_links":{"self":[{"href":"https:\/\/rezebproject-eu.com\/index.php?rest_route=\/wp\/v2\/pages\/2575","targetHints":{"allow":["GET"]}}],"collection":[{"href":"https:\/\/rezebproject-eu.com\/index.php?rest_route=\/wp\/v2\/pages"}],"about":[{"href":"https:\/\/rezebproject-eu.com\/index.php?rest_route=\/wp\/v2\/types\/page"}],"author":[{"embeddable":true,"href":"https:\/\/rezebproject-eu.com\/index.php?rest_route=\/wp\/v2\/users\/1"}],"replies":[{"embeddable":true,"href":"https:\/\/rezebproject-eu.com\/index.php?rest_route=%2Fwp%2Fv2%2Fcomments&post=2575"}],"version-history":[{"count":18,"href":"https:\/\/rezebproject-eu.com\/index.php?rest_route=\/wp\/v2\/pages\/2575\/revisions"}],"predecessor-version":[{"id":3585,"href":"https:\/\/rezebproject-eu.com\/index.php?rest_route=\/wp\/v2\/pages\/2575\/revisions\/3585"}],"wp:attachment":[{"href":"https:\/\/rezebproject-eu.com\/index.php?rest_route=%2Fwp%2Fv2%2Fmedia&parent=2575"}],"curies":[{"name":"wp","href":"https:\/\/api.w.org\/{rel}","templated":true}]}}