{"id":18,"date":"2024-03-12T22:37:37","date_gmt":"2024-03-12T22:37:37","guid":{"rendered":"https:\/\/rezebproject-eu.com\/?page_id=18"},"modified":"2024-07-25T16:28:18","modified_gmt":"2024-07-25T16:28:18","slug":"contact","status":"publish","type":"page","link":"https:\/\/rezebproject-eu.com\/?page_id=18","title":{"rendered":"Contact Us"},"content":{"rendered":"\t\t<div data-elementor-type=\"wp-page\" data-elementor-id=\"18\" class=\"elementor elementor-18\">\n\t\t\t\t<div class=\"elementor-element elementor-element-d6a47b9 e-con-full e-flex e-con e-parent\" data-id=\"d6a47b9\" data-element_type=\"container\" data-e-type=\"container\">\n\t\t\t\t<div class=\"elementor-element elementor-element-9f3e409 elementor-widget elementor-widget-google_maps\" data-id=\"9f3e409\" data-element_type=\"widget\" data-e-type=\"widget\" data-widget_type=\"google_maps.default\">\n\t\t\t\t<div class=\"elementor-widget-container\">\n\t\t\t\t\t\t\t<div class=\"elementor-custom-embed\">\n\t\t\t<iframe loading=\"lazy\"\n\t\t\t\t\tsrc=\"https:\/\/maps.google.com\/maps?q=Universidad%20de%20Castilla-La%20Mancha%20E.T.S.%20Ingenier%C3%ADa%20Industrial%20Avda.%20Camilo%20Jos%C3%A9%20Cela%2C%203%2013071%20Ciudad%20Real%20&#038;t=m&#038;z=7&#038;output=embed&#038;iwloc=near\"\n\t\t\t\t\ttitle=\"Universidad de Castilla-La Mancha E.T.S. Ingenier\u00eda Industrial Avda. Camilo Jos\u00e9 Cela, 3 13071 Ciudad Real \"\n\t\t\t\t\taria-label=\"Universidad de Castilla-La Mancha E.T.S. Ingenier\u00eda Industrial Avda. Camilo Jos\u00e9 Cela, 3 13071 Ciudad Real \"\n\t\t\t><\/iframe>\n\t\t<\/div>\n\t\t\t\t\t\t<\/div>\n\t\t\t\t<\/div>\n\t\t\t\t<\/div>\n\t\t<div class=\"elementor-element elementor-element-4ead631 e-flex e-con-boxed e-con e-parent\" data-id=\"4ead631\" data-element_type=\"container\" data-e-type=\"container\">\n\t\t\t\t\t<div class=\"e-con-inner\">\n\t\t\t\t\t<\/div>\n\t\t\t\t<\/div>\n\t\t<div class=\"elementor-element elementor-element-5fe3949 e-con-full e-flex e-con e-parent\" data-id=\"5fe3949\" data-element_type=\"container\" data-e-type=\"container\">\n\t\t\t\t<div class=\"elementor-element elementor-element-ba0db61 elementor-widget-divider--view-line elementor-widget elementor-widget-divider\" data-id=\"ba0db61\" data-element_type=\"widget\" data-e-type=\"widget\" data-widget_type=\"divider.default\">\n\t\t\t\t<div class=\"elementor-widget-container\">\n\t\t\t\t\t\t\t<div class=\"elementor-divider\">\n\t\t\t<span class=\"elementor-divider-separator\">\n\t\t\t\t\t\t<\/span>\n\t\t<\/div>\n\t\t\t\t\t\t<\/div>\n\t\t\t\t<\/div>\n\t\t\t\t<\/div>\n\t\t<div class=\"elementor-element elementor-element-b8ae573 e-flex e-con-boxed e-con e-parent\" data-id=\"b8ae573\" data-element_type=\"container\" data-e-type=\"container\">\n\t\t\t\t\t<div class=\"e-con-inner\">\n\t\t<div class=\"elementor-element elementor-element-024b806 e-con-full e-flex e-con e-child\" data-id=\"024b806\" data-element_type=\"container\" data-e-type=\"container\">\n\t\t\t\t<div class=\"elementor-element elementor-element-64a0221 elementor-widget elementor-widget-heading\" data-id=\"64a0221\" data-element_type=\"widget\" data-e-type=\"widget\" data-widget_type=\"heading.default\">\n\t\t\t\t<div class=\"elementor-widget-container\">\n\t\t\t\t\t<h2 class=\"elementor-heading-title elementor-size-default\">Contact Us<\/h2>\t\t\t\t<\/div>\n\t\t\t\t<\/div>\n\t\t\t\t<div class=\"elementor-element elementor-element-41076eb elementor-widget elementor-widget-text-editor\" data-id=\"41076eb\" data-element_type=\"widget\" data-e-type=\"widget\" data-widget_type=\"text-editor.default\">\n\t\t\t\t<div class=\"elementor-widget-container\">\n\t\t\t\t\t\t\t\t\t<div class=\"place-name\"><p><strong>The University of Castilla-La Mancha (UCLM)<\/strong><br \/><strong>Address: <\/strong>Universidad de Castilla-La Mancha E.T.S. Ingenier\u00eda Industrial Avda. Camilo Jos\u00e9 Cela, 3 13071 Ciudad Real (Spain).<\/p><\/div>\t\t\t\t\t\t\t\t<\/div>\n\t\t\t\t<\/div>\n\t\t\t\t<div class=\"elementor-element elementor-element-9b55593 elementor-widget elementor-widget-text-editor\" data-id=\"9b55593\" data-element_type=\"widget\" data-e-type=\"widget\" data-widget_type=\"text-editor.default\">\n\t\t\t\t<div class=\"elementor-widget-container\">\n\t\t\t\t\t\t\t\t\t<div class=\"place-name\"><strong>Contact Person:<\/strong> Juan Jos\u00e9 Hern\u00e1ndez Adrover<\/div><div><strong>E-mail:<\/strong> JuanJose.Hernandez@uclm.es<\/div><div><strong>Phone:<\/strong> +34 926 052438<\/div>\t\t\t\t\t\t\t\t<\/div>\n\t\t\t\t<\/div>\n\t\t\t\t<\/div>\n\t\t<div class=\"elementor-element elementor-element-21be9f3 e-con-full e-flex e-con e-child\" data-id=\"21be9f3\" data-element_type=\"container\" data-e-type=\"container\">\n\t\t\t\t<div class=\"elementor-element elementor-element-f0e6a8e elementor-widget elementor-widget-heading\" data-id=\"f0e6a8e\" data-element_type=\"widget\" data-e-type=\"widget\" data-widget_type=\"heading.default\">\n\t\t\t\t<div class=\"elementor-widget-container\">\n\t\t\t\t\t<h2 class=\"elementor-heading-title elementor-size-default\">Contact Form<\/h2>\t\t\t\t<\/div>\n\t\t\t\t<\/div>\n\t\t\t\t<div class=\"elementor-element elementor-element-b156b4d elementor-widget elementor-widget-text-editor\" data-id=\"b156b4d\" data-element_type=\"widget\" data-e-type=\"widget\" data-widget_type=\"text-editor.default\">\n\t\t\t\t<div class=\"elementor-widget-container\">\n\t\t\t\t\t\t\t\t\t\n<div class=\"wpcf7 no-js\" id=\"wpcf7-f4-o1\" lang=\"en-US\" dir=\"ltr\" data-wpcf7-id=\"4\">\n<div class=\"screen-reader-response\"><p role=\"status\" aria-live=\"polite\" aria-atomic=\"true\"><\/p> <ul><\/ul><\/div>\n<form action=\"\/index.php?rest_route=%2Fwp%2Fv2%2Fpages%2F18#wpcf7-f4-o1\" method=\"post\" class=\"wpcf7-form init\" aria-label=\"Contact form\" novalidate=\"novalidate\" data-status=\"init\">\n<fieldset class=\"hidden-fields-container\"><input type=\"hidden\" name=\"_wpcf7\" value=\"4\" \/><input type=\"hidden\" name=\"_wpcf7_version\" value=\"6.1.5\" \/><input type=\"hidden\" name=\"_wpcf7_locale\" value=\"en_US\" \/><input type=\"hidden\" name=\"_wpcf7_unit_tag\" value=\"wpcf7-f4-o1\" \/><input type=\"hidden\" name=\"_wpcf7_container_post\" value=\"0\" \/><input type=\"hidden\" name=\"_wpcf7_posted_data_hash\" value=\"\" \/>\n<\/fieldset>\n<p><label> Your name<br \/>\n<span class=\"wpcf7-form-control-wrap\" data-name=\"your-name\"><input size=\"40\" maxlength=\"400\" class=\"wpcf7-form-control wpcf7-text wpcf7-validates-as-required\" autocomplete=\"name\" aria-required=\"true\" aria-invalid=\"false\" value=\"\" type=\"text\" name=\"your-name\" \/><\/span> <\/label>\n<\/p>\n<p><label> Your email<br \/>\n<span class=\"wpcf7-form-control-wrap\" data-name=\"your-email\"><input size=\"40\" maxlength=\"400\" class=\"wpcf7-form-control wpcf7-email wpcf7-validates-as-required wpcf7-text wpcf7-validates-as-email\" autocomplete=\"email\" aria-required=\"true\" aria-invalid=\"false\" value=\"\" type=\"email\" name=\"your-email\" \/><\/span> <\/label>\n<\/p>\n<p><label> Subject<br \/>\n<span class=\"wpcf7-form-control-wrap\" data-name=\"your-subject\"><input size=\"40\" maxlength=\"400\" class=\"wpcf7-form-control wpcf7-text wpcf7-validates-as-required\" aria-required=\"true\" aria-invalid=\"false\" value=\"\" type=\"text\" name=\"your-subject\" \/><\/span> <\/label>\n<\/p>\n<p><label> Your message (optional)<br \/>\n<span class=\"wpcf7-form-control-wrap\" data-name=\"your-message\"><textarea cols=\"40\" rows=\"10\" maxlength=\"2000\" class=\"wpcf7-form-control wpcf7-textarea\" aria-invalid=\"false\" name=\"your-message\"><\/textarea><\/span> <\/label>\n<\/p>\n<p><input class=\"wpcf7-form-control wpcf7-submit has-spinner\" type=\"submit\" value=\"Submit\" \/>\n<\/p><div class=\"wpcf7-response-output\" aria-hidden=\"true\"><\/div>\n<\/form>\n<\/div>\n\t\t\t\t\t\t\t\t<\/div>\n\t\t\t\t<\/div>\n\t\t\t\t<\/div>\n\t\t\t\t\t<\/div>\n\t\t\t\t<\/div>\n\t\t<div class=\"elementor-element elementor-element-05e3edf e-flex e-con-boxed e-con e-parent\" data-id=\"05e3edf\" data-element_type=\"container\" data-e-type=\"container\">\n\t\t\t\t\t<div class=\"e-con-inner\">\n\t\t\t\t\t<\/div>\n\t\t\t\t<\/div>\n\t\t\t\t<\/div>\n\t\t","protected":false},"excerpt":{"rendered":"<p>Contact Us The University of Castilla-La Mancha (UCLM)Address: Universidad de Castilla-La Mancha E.T.S. Ingenier\u00eda Industrial Avda. Camilo Jos\u00e9 Cela, 3 13071 Ciudad Real (Spain). Contact Person: Juan Jos\u00e9 Hern\u00e1ndez AdroverE-mail: JuanJose.Hernandez@uclm.esPhone: +34 926 052438 Contact Form<\/p>\n","protected":false},"author":1,"featured_media":10,"parent":0,"menu_order":0,"comment_status":"closed","ping_status":"closed","template":"page-templates\/template-pagebuilder-full-width.php","meta":{"_acf_changed":false,"neve_meta_sidebar":"","neve_meta_container":"","neve_meta_enable_content_width":"off","neve_meta_content_width":100,"neve_meta_title_alignment":"","neve_meta_author_avatar":"","neve_post_elements_order":"","neve_meta_disable_header":"","neve_meta_disable_footer":"","neve_meta_disable_title":"","footnotes":""},"class_list":["post-18","page","type-page","status-publish","has-post-thumbnail","hentry"],"acf":[],"yoast_head":"<!-- This site is optimized with the Yoast SEO plugin v27.4 - https:\/\/yoast.com\/product\/yoast-seo-wordpress\/ -->\n<title>Contact Us - reZEB<\/title>\n<meta name=\"robots\" content=\"index, follow, max-snippet:-1, max-image-preview:large, max-video-preview:-1\" \/>\n<link rel=\"canonical\" href=\"https:\/\/rezebproject-eu.com\/?page_id=18\" \/>\n<meta property=\"og:locale\" content=\"en_US\" \/>\n<meta property=\"og:type\" content=\"article\" \/>\n<meta property=\"og:title\" content=\"Contact Us - reZEB\" \/>\n<meta property=\"og:description\" content=\"Contact Us The University of Castilla-La Mancha (UCLM)Address: Universidad de Castilla-La Mancha E.T.S. Ingenier\u00eda Industrial Avda. Camilo Jos\u00e9 Cela, 3 13071 Ciudad Real (Spain). Contact Person: Juan Jos\u00e9 Hern\u00e1ndez AdroverE-mail: JuanJose.Hernandez@uclm.esPhone: +34 926 052438 Contact Form\" \/>\n<meta property=\"og:url\" content=\"https:\/\/rezebproject-eu.com\/?page_id=18\" \/>\n<meta property=\"og:site_name\" content=\"reZEB\" \/>\n<meta property=\"article:modified_time\" content=\"2024-07-25T16:28:18+00:00\" \/>\n<meta property=\"og:image\" content=\"https:\/\/rezebproject-eu.com\/wp-content\/uploads\/2024\/03\/contact.jpg\" \/>\n\t<meta property=\"og:image:width\" content=\"1024\" \/>\n\t<meta property=\"og:image:height\" content=\"683\" \/>\n\t<meta property=\"og:image:type\" content=\"image\/jpeg\" \/>\n<meta name=\"twitter:card\" content=\"summary_large_image\" \/>\n<meta name=\"twitter:label1\" content=\"Est. reading time\" \/>\n\t<meta name=\"twitter:data1\" content=\"1 minute\" \/>\n<script type=\"application\/ld+json\" class=\"yoast-schema-graph\">{\"@context\":\"https:\\\/\\\/schema.org\",\"@graph\":[{\"@type\":\"WebPage\",\"@id\":\"https:\\\/\\\/rezebproject-eu.com\\\/?page_id=18\",\"url\":\"https:\\\/\\\/rezebproject-eu.com\\\/?page_id=18\",\"name\":\"Contact Us - reZEB\",\"isPartOf\":{\"@id\":\"https:\\\/\\\/rezebproject-eu.com\\\/#website\"},\"primaryImageOfPage\":{\"@id\":\"https:\\\/\\\/rezebproject-eu.com\\\/?page_id=18#primaryimage\"},\"image\":{\"@id\":\"https:\\\/\\\/rezebproject-eu.com\\\/?page_id=18#primaryimage\"},\"thumbnailUrl\":\"https:\\\/\\\/rezebproject-eu.com\\\/wp-content\\\/uploads\\\/2024\\\/03\\\/contact.jpg\",\"datePublished\":\"2024-03-12T22:37:37+00:00\",\"dateModified\":\"2024-07-25T16:28:18+00:00\",\"breadcrumb\":{\"@id\":\"https:\\\/\\\/rezebproject-eu.com\\\/?page_id=18#breadcrumb\"},\"inLanguage\":\"en-US\",\"potentialAction\":[{\"@type\":\"ReadAction\",\"target\":[\"https:\\\/\\\/rezebproject-eu.com\\\/?page_id=18\"]}]},{\"@type\":\"ImageObject\",\"inLanguage\":\"en-US\",\"@id\":\"https:\\\/\\\/rezebproject-eu.com\\\/?page_id=18#primaryimage\",\"url\":\"https:\\\/\\\/rezebproject-eu.com\\\/wp-content\\\/uploads\\\/2024\\\/03\\\/contact.jpg\",\"contentUrl\":\"https:\\\/\\\/rezebproject-eu.com\\\/wp-content\\\/uploads\\\/2024\\\/03\\\/contact.jpg\",\"width\":1024,\"height\":683},{\"@type\":\"BreadcrumbList\",\"@id\":\"https:\\\/\\\/rezebproject-eu.com\\\/?page_id=18#breadcrumb\",\"itemListElement\":[{\"@type\":\"ListItem\",\"position\":1,\"name\":\"Home\",\"item\":\"https:\\\/\\\/rezebproject-eu.com\\\/\"},{\"@type\":\"ListItem\",\"position\":2,\"name\":\"Contact Us\"}]},{\"@type\":\"WebSite\",\"@id\":\"https:\\\/\\\/rezebproject-eu.com\\\/#website\",\"url\":\"https:\\\/\\\/rezebproject-eu.com\\\/\",\"name\":\"reZEB\",\"description\":\"\",\"publisher\":{\"@id\":\"https:\\\/\\\/rezebproject-eu.com\\\/#organization\"},\"potentialAction\":[{\"@type\":\"SearchAction\",\"target\":{\"@type\":\"EntryPoint\",\"urlTemplate\":\"https:\\\/\\\/rezebproject-eu.com\\\/?s={search_term_string}\"},\"query-input\":{\"@type\":\"PropertyValueSpecification\",\"valueRequired\":true,\"valueName\":\"search_term_string\"}}],\"inLanguage\":\"en-US\"},{\"@type\":\"Organization\",\"@id\":\"https:\\\/\\\/rezebproject-eu.com\\\/#organization\",\"name\":\"reZEB\",\"url\":\"https:\\\/\\\/rezebproject-eu.com\\\/\",\"logo\":{\"@type\":\"ImageObject\",\"inLanguage\":\"en-US\",\"@id\":\"https:\\\/\\\/rezebproject-eu.com\\\/#\\\/schema\\\/logo\\\/image\\\/\",\"url\":\"https:\\\/\\\/rezebproject-eu.com\\\/wp-content\\\/uploads\\\/2024\\\/03\\\/logo-rezeb.png\",\"contentUrl\":\"https:\\\/\\\/rezebproject-eu.com\\\/wp-content\\\/uploads\\\/2024\\\/03\\\/logo-rezeb.png\",\"width\":600,\"height\":261,\"caption\":\"reZEB\"},\"image\":{\"@id\":\"https:\\\/\\\/rezebproject-eu.com\\\/#\\\/schema\\\/logo\\\/image\\\/\"}}]}<\/script>\n<!-- \/ Yoast SEO plugin. -->","yoast_head_json":{"title":"Contact Us - reZEB","robots":{"index":"index","follow":"follow","max-snippet":"max-snippet:-1","max-image-preview":"max-image-preview:large","max-video-preview":"max-video-preview:-1"},"canonical":"https:\/\/rezebproject-eu.com\/?page_id=18","og_locale":"en_US","og_type":"article","og_title":"Contact Us - reZEB","og_description":"Contact Us The University of Castilla-La Mancha (UCLM)Address: Universidad de Castilla-La Mancha E.T.S. Ingenier\u00eda Industrial Avda. Camilo Jos\u00e9 Cela, 3 13071 Ciudad Real (Spain). Contact Person: Juan Jos\u00e9 Hern\u00e1ndez AdroverE-mail: JuanJose.Hernandez@uclm.esPhone: +34 926 052438 Contact Form","og_url":"https:\/\/rezebproject-eu.com\/?page_id=18","og_site_name":"reZEB","article_modified_time":"2024-07-25T16:28:18+00:00","og_image":[{"width":1024,"height":683,"url":"https:\/\/rezebproject-eu.com\/wp-content\/uploads\/2024\/03\/contact.jpg","type":"image\/jpeg"}],"twitter_card":"summary_large_image","twitter_misc":{"Est. reading time":"1 minute"},"schema":{"@context":"https:\/\/schema.org","@graph":[{"@type":"WebPage","@id":"https:\/\/rezebproject-eu.com\/?page_id=18","url":"https:\/\/rezebproject-eu.com\/?page_id=18","name":"Contact Us - reZEB","isPartOf":{"@id":"https:\/\/rezebproject-eu.com\/#website"},"primaryImageOfPage":{"@id":"https:\/\/rezebproject-eu.com\/?page_id=18#primaryimage"},"image":{"@id":"https:\/\/rezebproject-eu.com\/?page_id=18#primaryimage"},"thumbnailUrl":"https:\/\/rezebproject-eu.com\/wp-content\/uploads\/2024\/03\/contact.jpg","datePublished":"2024-03-12T22:37:37+00:00","dateModified":"2024-07-25T16:28:18+00:00","breadcrumb":{"@id":"https:\/\/rezebproject-eu.com\/?page_id=18#breadcrumb"},"inLanguage":"en-US","potentialAction":[{"@type":"ReadAction","target":["https:\/\/rezebproject-eu.com\/?page_id=18"]}]},{"@type":"ImageObject","inLanguage":"en-US","@id":"https:\/\/rezebproject-eu.com\/?page_id=18#primaryimage","url":"https:\/\/rezebproject-eu.com\/wp-content\/uploads\/2024\/03\/contact.jpg","contentUrl":"https:\/\/rezebproject-eu.com\/wp-content\/uploads\/2024\/03\/contact.jpg","width":1024,"height":683},{"@type":"BreadcrumbList","@id":"https:\/\/rezebproject-eu.com\/?page_id=18#breadcrumb","itemListElement":[{"@type":"ListItem","position":1,"name":"Home","item":"https:\/\/rezebproject-eu.com\/"},{"@type":"ListItem","position":2,"name":"Contact Us"}]},{"@type":"WebSite","@id":"https:\/\/rezebproject-eu.com\/#website","url":"https:\/\/rezebproject-eu.com\/","name":"reZEB","description":"","publisher":{"@id":"https:\/\/rezebproject-eu.com\/#organization"},"potentialAction":[{"@type":"SearchAction","target":{"@type":"EntryPoint","urlTemplate":"https:\/\/rezebproject-eu.com\/?s={search_term_string}"},"query-input":{"@type":"PropertyValueSpecification","valueRequired":true,"valueName":"search_term_string"}}],"inLanguage":"en-US"},{"@type":"Organization","@id":"https:\/\/rezebproject-eu.com\/#organization","name":"reZEB","url":"https:\/\/rezebproject-eu.com\/","logo":{"@type":"ImageObject","inLanguage":"en-US","@id":"https:\/\/rezebproject-eu.com\/#\/schema\/logo\/image\/","url":"https:\/\/rezebproject-eu.com\/wp-content\/uploads\/2024\/03\/logo-rezeb.png","contentUrl":"https:\/\/rezebproject-eu.com\/wp-content\/uploads\/2024\/03\/logo-rezeb.png","width":600,"height":261,"caption":"reZEB"},"image":{"@id":"https:\/\/rezebproject-eu.com\/#\/schema\/logo\/image\/"}}]}},"jetpack_sharing_enabled":true,"rttpg_featured_image_url":{"full":["https:\/\/rezebproject-eu.com\/wp-content\/uploads\/2024\/03\/contact.jpg",1024,683,false],"landscape":["https:\/\/rezebproject-eu.com\/wp-content\/uploads\/2024\/03\/contact.jpg",1024,683,false],"portraits":["https:\/\/rezebproject-eu.com\/wp-content\/uploads\/2024\/03\/contact.jpg",1024,683,false],"thumbnail":["https:\/\/rezebproject-eu.com\/wp-content\/uploads\/2024\/03\/contact-150x150.jpg",150,150,true],"medium":["https:\/\/rezebproject-eu.com\/wp-content\/uploads\/2024\/03\/contact-300x200.jpg",300,200,true],"large":["https:\/\/rezebproject-eu.com\/wp-content\/uploads\/2024\/03\/contact.jpg",1024,683,false],"1536x1536":["https:\/\/rezebproject-eu.com\/wp-content\/uploads\/2024\/03\/contact.jpg",1024,683,false],"2048x2048":["https:\/\/rezebproject-eu.com\/wp-content\/uploads\/2024\/03\/contact.jpg",1024,683,false],"neve-blog":["https:\/\/rezebproject-eu.com\/wp-content\/uploads\/2024\/03\/contact.jpg",930,620,false]},"rttpg_author":{"display_name":"admin","author_link":"https:\/\/rezebproject-eu.com\/?author=1"},"rttpg_comment":0,"rttpg_category":null,"rttpg_excerpt":"Contact Us The University of Castilla-La Mancha (UCLM)Address: Universidad de Castilla-La Mancha E.T.S. Ingenier\u00eda Industrial Avda. Camilo Jos\u00e9 Cela, 3 13071 Ciudad Real (Spain). Contact Person: Juan Jos\u00e9 Hern\u00e1ndez AdroverE-mail: JuanJose.Hernandez@uclm.esPhone: +34 926 052438 Contact Form","_links":{"self":[{"href":"https:\/\/rezebproject-eu.com\/index.php?rest_route=\/wp\/v2\/pages\/18","targetHints":{"allow":["GET"]}}],"collection":[{"href":"https:\/\/rezebproject-eu.com\/index.php?rest_route=\/wp\/v2\/pages"}],"about":[{"href":"https:\/\/rezebproject-eu.com\/index.php?rest_route=\/wp\/v2\/types\/page"}],"author":[{"embeddable":true,"href":"https:\/\/rezebproject-eu.com\/index.php?rest_route=\/wp\/v2\/users\/1"}],"replies":[{"embeddable":true,"href":"https:\/\/rezebproject-eu.com\/index.php?rest_route=%2Fwp%2Fv2%2Fcomments&post=18"}],"version-history":[{"count":0,"href":"https:\/\/rezebproject-eu.com\/index.php?rest_route=\/wp\/v2\/pages\/18\/revisions"}],"wp:featuredmedia":[{"embeddable":true,"href":"https:\/\/rezebproject-eu.com\/index.php?rest_route=\/wp\/v2\/media\/10"}],"wp:attachment":[{"href":"https:\/\/rezebproject-eu.com\/index.php?rest_route=%2Fwp%2Fv2%2Fmedia&parent=18"}],"curies":[{"name":"wp","href":"https:\/\/api.w.org\/{rel}","templated":true}]}}